{"id":354,"date":"2021-11-19T12:09:41","date_gmt":"2021-11-19T11:09:41","guid":{"rendered":"https:\/\/lacapelle-segalar.fr\/?page_id=354"},"modified":"2023-12-18T16:28:44","modified_gmt":"2023-12-18T15:28:44","slug":"nos-artisans","status":"publish","type":"page","link":"https:\/\/lacapelle-segalar.fr\/index.php\/nos-artisans\/","title":{"rendered":"Nos Artisans"},"content":{"rendered":"\n<div class=\"wp-block-columns are-vertically-aligned-center is-layout-flex wp-container-core-columns-is-layout-28f84493 wp-block-columns-is-layout-flex\">\n<div class=\"wp-block-column is-vertically-aligned-center is-layout-flow wp-block-column-is-layout-flow\" style=\"flex-basis:100%\">\n<p class=\"has-ast-global-color-8-color has-text-color has-background\" style=\"background-color:#56bf8a\"><strong>Entreprise Stein : Marko KAESTNER  <a href=\"https:\/\/entreprise-stein.com\/\">https:\/\/entreprise-stein.com\/<\/a><\/strong><\/p>\n<\/div>\n<\/div>\n\n\n\n<div class=\"inherit-container-width wp-block-group is-layout-constrained wp-block-group-is-layout-constrained\"><div class=\"wp-block-group__inner-container\">\n<p class=\"has-ast-global-color-8-color has-text-color\"><br>La soci\u00e9t\u00e9 Stein a \u00e9t\u00e9 fond\u00e9e en 2009 par Marko Kaestner en tant que tailleur de pierre et sculpteur. Bas\u00e9e \u00e0 Lacapelle-S\u00e9galar, dans le nord du d\u00e9partement du Tarn dans le sud-ouest de la France, l\u2019entreprise est sp\u00e9cialis\u00e9e dans le traitement de la pierre naturelle ainsi que dans la restauration et la sculpture.<\/p>\n\n\n\n<p class=\"has-ast-global-color-8-color has-text-color\">La soci\u00e9t\u00e9 Stein est un expert dans la restauration traditionnelle des b\u00e2timents en pierre tels que les \u00e9glises et les ch\u00e2teaux afin de les conserver dans leur aspect d\u2019origine. Nous traitons une vari\u00e9t\u00e9 des mat\u00e9riaux tels que le gr\u00e8s, le calcaire et le marbre, mais aussi le bois et le m\u00e9tal. Nous accordons une attention particuli\u00e8re \u00e0 l\u2019int\u00e9gration de caract\u00e9ristiques traditionnelles dans de nouveaux projets en utilisant des techniques et des mat\u00e9riaux anciens qui se fondent de mani\u00e8re transparente et harmonieuse dans leur environnement.<\/p>\n\n\n\n<p class=\"has-black-color has-text-color\">Elle vous propose aussi des sculptures sur bois pour d\u00e9coration d&rsquo;int\u00e9rieur<\/p>\n\n\n\n<hr class=\"wp-block-separator has-alpha-channel-opacity is-style-wide\"\/>\n\n\n\n<p class=\"has-text-align-center has-ast-global-color-8-color has-text-color has-medium-font-size\">Cadre en pierre d&rsquo;une porte avec design celte. <\/p>\n<\/div><\/div>\n\n\n\n<div class=\"wp-block-columns is-layout-flex wp-container-core-columns-is-layout-28f84493 wp-block-columns-is-layout-flex\">\n<div class=\"wp-block-column is-layout-flow wp-block-column-is-layout-flow\" style=\"flex-basis:100%\">\n<div class=\"inherit-container-width wp-block-group is-layout-constrained wp-block-group-is-layout-constrained\"><div class=\"wp-block-group__inner-container\">\n<div class=\"wp-block-columns is-layout-flex wp-container-core-columns-is-layout-28f84493 wp-block-columns-is-layout-flex\">\n<div class=\"wp-block-column is-layout-flow wp-block-column-is-layout-flow\" style=\"flex-basis:100%\">\n<div class=\"wp-block-columns is-layout-flex wp-container-core-columns-is-layout-28f84493 wp-block-columns-is-layout-flex\">\n<div class=\"wp-block-column is-layout-flow wp-block-column-is-layout-flow\">\n<div class=\"wp-block-columns is-layout-flex wp-container-core-columns-is-layout-28f84493 wp-block-columns-is-layout-flex\">\n<div class=\"wp-block-column is-layout-flow wp-block-column-is-layout-flow\">\n<figure class=\"wp-block-image aligncenter size-large\"><img loading=\"lazy\" decoding=\"async\" width=\"1024\" height=\"768\" src=\"https:\/\/lacapelle-segalar.fr\/wp-content\/uploads\/2023\/12\/IMG_20200305_124201-1024x768.jpg\" alt=\"\" class=\"wp-image-1512\" srcset=\"https:\/\/lacapelle-segalar.fr\/wp-content\/uploads\/2023\/12\/IMG_20200305_124201-1024x768.jpg 1024w, https:\/\/lacapelle-segalar.fr\/wp-content\/uploads\/2023\/12\/IMG_20200305_124201-300x225.jpg 300w, https:\/\/lacapelle-segalar.fr\/wp-content\/uploads\/2023\/12\/IMG_20200305_124201-768x576.jpg 768w, https:\/\/lacapelle-segalar.fr\/wp-content\/uploads\/2023\/12\/IMG_20200305_124201-1536x1152.jpg 1536w, https:\/\/lacapelle-segalar.fr\/wp-content\/uploads\/2023\/12\/IMG_20200305_124201-2048x1536.jpg 2048w\" sizes=\"auto, (max-width: 1024px) 100vw, 1024px\" \/><\/figure>\n<\/div>\n<\/div>\n<\/div>\n<\/div>\n<\/div>\n<\/div>\n<\/div><\/div>\n<\/div>\n<\/div>\n\n\n\n<div class=\"wp-block-columns is-layout-flex wp-container-core-columns-is-layout-28f84493 wp-block-columns-is-layout-flex\">\n<div class=\"wp-block-column is-layout-flow wp-block-column-is-layout-flow\" style=\"flex-basis:100%\">\n<figure class=\"wp-block-image aligncenter size-large\"><img loading=\"lazy\" decoding=\"async\" width=\"771\" height=\"1024\" src=\"https:\/\/lacapelle-segalar.fr\/wp-content\/uploads\/2023\/12\/IMG_20221030_191355-771x1024.jpg\" alt=\"\" class=\"wp-image-1513\" srcset=\"https:\/\/lacapelle-segalar.fr\/wp-content\/uploads\/2023\/12\/IMG_20221030_191355-771x1024.jpg 771w, https:\/\/lacapelle-segalar.fr\/wp-content\/uploads\/2023\/12\/IMG_20221030_191355-226x300.jpg 226w, https:\/\/lacapelle-segalar.fr\/wp-content\/uploads\/2023\/12\/IMG_20221030_191355-768x1020.jpg 768w, https:\/\/lacapelle-segalar.fr\/wp-content\/uploads\/2023\/12\/IMG_20221030_191355-1157x1536.jpg 1157w, https:\/\/lacapelle-segalar.fr\/wp-content\/uploads\/2023\/12\/IMG_20221030_191355-1542x2048.jpg 1542w, https:\/\/lacapelle-segalar.fr\/wp-content\/uploads\/2023\/12\/IMG_20221030_191355-scaled.jpg 1928w\" sizes=\"auto, (max-width: 771px) 100vw, 771px\" \/><\/figure>\n<\/div>\n<\/div>\n\n\n\n<div class=\"wp-block-columns is-layout-flex wp-container-core-columns-is-layout-28f84493 wp-block-columns-is-layout-flex\">\n<div class=\"wp-block-column is-layout-flow wp-block-column-is-layout-flow\" style=\"flex-basis:100%\">\n<div class=\"inherit-container-width wp-block-group is-layout-constrained wp-block-group-is-layout-constrained\"><div class=\"wp-block-group__inner-container\">\n<div class=\"wp-block-columns is-layout-flex wp-container-core-columns-is-layout-28f84493 wp-block-columns-is-layout-flex\">\n<div class=\"wp-block-column is-layout-flow wp-block-column-is-layout-flow\" style=\"flex-basis:100%\">\n<figure class=\"wp-block-image aligncenter size-large\"><img loading=\"lazy\" decoding=\"async\" width=\"770\" height=\"1024\" src=\"https:\/\/lacapelle-segalar.fr\/wp-content\/uploads\/2023\/12\/IMG_20221102_235350-770x1024.jpg\" alt=\"\" class=\"wp-image-1514\" srcset=\"https:\/\/lacapelle-segalar.fr\/wp-content\/uploads\/2023\/12\/IMG_20221102_235350-770x1024.jpg 770w, https:\/\/lacapelle-segalar.fr\/wp-content\/uploads\/2023\/12\/IMG_20221102_235350-226x300.jpg 226w, https:\/\/lacapelle-segalar.fr\/wp-content\/uploads\/2023\/12\/IMG_20221102_235350-768x1022.jpg 768w, https:\/\/lacapelle-segalar.fr\/wp-content\/uploads\/2023\/12\/IMG_20221102_235350-1155x1536.jpg 1155w, https:\/\/lacapelle-segalar.fr\/wp-content\/uploads\/2023\/12\/IMG_20221102_235350-1540x2048.jpg 1540w, https:\/\/lacapelle-segalar.fr\/wp-content\/uploads\/2023\/12\/IMG_20221102_235350-scaled.jpg 1924w\" sizes=\"auto, (max-width: 770px) 100vw, 770px\" \/><\/figure>\n<\/div>\n<\/div>\n<\/div><\/div>\n<\/div>\n<\/div>\n\n\n\n<p class=\"has-text-align-center has-black-color has-text-color has-medium-font-size\"><strong>Travail sur bois pour d\u00e9coration int\u00e9rieure :<\/strong> Pos\u00e9 de fa\u00e7on \u00e0 imiter une porte, ce travail habillera un mur de maison, en ajoutant un \u00e9clairage au dessus pour faire ressortir le dessin.<\/p>\n\n\n\n<figure class=\"wp-block-image aligncenter size-large\"><img loading=\"lazy\" decoding=\"async\" width=\"1024\" height=\"771\" src=\"https:\/\/lacapelle-segalar.fr\/wp-content\/uploads\/2023\/12\/IMG_20231030_214115-1024x771.jpg\" alt=\"\" class=\"wp-image-1515\" srcset=\"https:\/\/lacapelle-segalar.fr\/wp-content\/uploads\/2023\/12\/IMG_20231030_214115-1024x771.jpg 1024w, https:\/\/lacapelle-segalar.fr\/wp-content\/uploads\/2023\/12\/IMG_20231030_214115-300x226.jpg 300w, https:\/\/lacapelle-segalar.fr\/wp-content\/uploads\/2023\/12\/IMG_20231030_214115-768x578.jpg 768w, https:\/\/lacapelle-segalar.fr\/wp-content\/uploads\/2023\/12\/IMG_20231030_214115-1536x1157.jpg 1536w, https:\/\/lacapelle-segalar.fr\/wp-content\/uploads\/2023\/12\/IMG_20231030_214115-2048x1542.jpg 2048w\" sizes=\"auto, (max-width: 1024px) 100vw, 1024px\" \/><\/figure>\n\n\n\n<figure class=\"wp-block-image aligncenter size-large\"><img loading=\"lazy\" decoding=\"async\" width=\"771\" height=\"1024\" src=\"https:\/\/lacapelle-segalar.fr\/wp-content\/uploads\/2023\/12\/IMG_20231116_171531-771x1024.jpg\" alt=\"\" class=\"wp-image-1516\" srcset=\"https:\/\/lacapelle-segalar.fr\/wp-content\/uploads\/2023\/12\/IMG_20231116_171531-771x1024.jpg 771w, https:\/\/lacapelle-segalar.fr\/wp-content\/uploads\/2023\/12\/IMG_20231116_171531-226x300.jpg 226w, https:\/\/lacapelle-segalar.fr\/wp-content\/uploads\/2023\/12\/IMG_20231116_171531-768x1020.jpg 768w, https:\/\/lacapelle-segalar.fr\/wp-content\/uploads\/2023\/12\/IMG_20231116_171531-1157x1536.jpg 1157w, https:\/\/lacapelle-segalar.fr\/wp-content\/uploads\/2023\/12\/IMG_20231116_171531-1542x2048.jpg 1542w, https:\/\/lacapelle-segalar.fr\/wp-content\/uploads\/2023\/12\/IMG_20231116_171531-scaled.jpg 1928w\" sizes=\"auto, (max-width: 771px) 100vw, 771px\" \/><\/figure>\n\n\n\n<p class=\"has-black-color has-text-color has-medium-font-size\"><\/p>\n","protected":false},"excerpt":{"rendered":"<p>Entreprise Stein : Marko KAESTNER https:\/\/entreprise-stein.com\/ La soci\u00e9t\u00e9 Stein a \u00e9t\u00e9 fond\u00e9e en 2009 par Marko Kaestner en tant que tailleur de pierre et sculpteur. Bas\u00e9e \u00e0 Lacapelle-S\u00e9galar, dans le nord du d\u00e9partement du Tarn dans le sud-ouest de la France, l\u2019entreprise est sp\u00e9cialis\u00e9e dans le traitement de la pierre naturelle ainsi que dans la [&hellip;]<\/p>\n","protected":false},"author":2,"featured_media":0,"parent":0,"menu_order":0,"comment_status":"closed","ping_status":"closed","template":"","meta":{"site-sidebar-layout":"default","site-content-layout":"default","ast-site-content-layout":"default","site-content-style":"default","site-sidebar-style":"default","ast-global-header-display":"","ast-banner-title-visibility":"","ast-main-header-display":"","ast-hfb-above-header-display":"","ast-hfb-below-header-display":"","ast-hfb-mobile-header-display":"","site-post-title":"","ast-breadcrumbs-content":"","ast-featured-img":"","footer-sml-layout":"","ast-disable-related-posts":"","theme-transparent-header-meta":"default","adv-header-id-meta":"","stick-header-meta":"","header-above-stick-meta":"","header-main-stick-meta":"","header-below-stick-meta":"","astra-migrate-meta-layouts":"default","ast-page-background-enabled":"default","ast-page-background-meta":{"desktop":{"background-color":"var(--ast-global-color-4)","background-image":"","background-repeat":"repeat","background-position":"center center","background-size":"auto","background-attachment":"scroll","background-type":"","background-media":"","overlay-type":"","overlay-color":"","overlay-opacity":"","overlay-gradient":""},"tablet":{"background-color":"","background-image":"","background-repeat":"repeat","background-position":"center center","background-size":"auto","background-attachment":"scroll","background-type":"","background-media":"","overlay-type":"","overlay-color":"","overlay-opacity":"","overlay-gradient":""},"mobile":{"background-color":"","background-image":"","background-repeat":"repeat","background-position":"center center","background-size":"auto","background-attachment":"scroll","background-type":"","background-media":"","overlay-type":"","overlay-color":"","overlay-opacity":"","overlay-gradient":""}},"ast-content-background-meta":{"desktop":{"background-color":"var(--ast-global-color-5)","background-image":"","background-repeat":"repeat","background-position":"center center","background-size":"auto","background-attachment":"scroll","background-type":"","background-media":"","overlay-type":"","overlay-color":"","overlay-opacity":"","overlay-gradient":""},"tablet":{"background-color":"var(--ast-global-color-5)","background-image":"","background-repeat":"repeat","background-position":"center center","background-size":"auto","background-attachment":"scroll","background-type":"","background-media":"","overlay-type":"","overlay-color":"","overlay-opacity":"","overlay-gradient":""},"mobile":{"background-color":"var(--ast-global-color-5)","background-image":"","background-repeat":"repeat","background-position":"center center","background-size":"auto","background-attachment":"scroll","background-type":"","background-media":"","overlay-type":"","overlay-color":"","overlay-opacity":"","overlay-gradient":""}},"footnotes":""},"class_list":["post-354","page","type-page","status-publish","hentry"],"_links":{"self":[{"href":"https:\/\/lacapelle-segalar.fr\/index.php\/wp-json\/wp\/v2\/pages\/354","targetHints":{"allow":["GET"]}}],"collection":[{"href":"https:\/\/lacapelle-segalar.fr\/index.php\/wp-json\/wp\/v2\/pages"}],"about":[{"href":"https:\/\/lacapelle-segalar.fr\/index.php\/wp-json\/wp\/v2\/types\/page"}],"author":[{"embeddable":true,"href":"https:\/\/lacapelle-segalar.fr\/index.php\/wp-json\/wp\/v2\/users\/2"}],"replies":[{"embeddable":true,"href":"https:\/\/lacapelle-segalar.fr\/index.php\/wp-json\/wp\/v2\/comments?post=354"}],"version-history":[{"count":9,"href":"https:\/\/lacapelle-segalar.fr\/index.php\/wp-json\/wp\/v2\/pages\/354\/revisions"}],"predecessor-version":[{"id":1517,"href":"https:\/\/lacapelle-segalar.fr\/index.php\/wp-json\/wp\/v2\/pages\/354\/revisions\/1517"}],"wp:attachment":[{"href":"https:\/\/lacapelle-segalar.fr\/index.php\/wp-json\/wp\/v2\/media?parent=354"}],"curies":[{"name":"wp","href":"https:\/\/api.w.org\/{rel}","templated":true}]}}